{"id":1404,"date":"2022-12-02T21:52:41","date_gmt":"2022-12-02T21:52:41","guid":{"rendered":"https:\/\/ice-and-light.com\/sommaraktiviteter\/"},"modified":"2022-12-04T16:32:19","modified_gmt":"2022-12-04T16:32:19","slug":"sommaraktiviteter","status":"publish","type":"page","link":"https:\/\/ice-and-light.com\/sv\/sommaraktiviteter\/","title":{"rendered":"Sommaraktiviteter"},"content":{"rendered":"\t\t<div data-elementor-type=\"wp-page\" data-elementor-id=\"1404\" class=\"elementor elementor-1404 elementor-1063\" data-elementor-post-type=\"page\">\n\t\t\t\t\t\t<section class=\"elementor-section elementor-top-section elementor-element elementor-element-4673cdc0 elementor-section-height-min-height elementor-section-boxed elementor-section-height-default elementor-section-items-middle\" data-id=\"4673cdc0\" data-element_type=\"section\" data-settings=\"{&quot;background_background&quot;:&quot;slideshow&quot;,&quot;background_slideshow_gallery&quot;:[{&quot;id&quot;:844,&quot;url&quot;:&quot;https:\\\/\\\/ice-and-light.com\\\/wp-content\\\/uploads\\\/2019\\\/07\\\/beach.jpg&quot;}],&quot;background_slideshow_transition_duration&quot;:1000,&quot;background_slideshow_ken_burns&quot;:&quot;yes&quot;,&quot;background_slideshow_loop&quot;:&quot;yes&quot;,&quot;background_slideshow_slide_duration&quot;:5000,&quot;background_slideshow_slide_transition&quot;:&quot;fade&quot;,&quot;background_slideshow_ken_burns_zoom_direction&quot;:&quot;in&quot;}\">\n\t\t\t\t\t\t\t<div class=\"elementor-background-overlay\"><\/div>\n\t\t\t\t\t\t\t<div class=\"elementor-container elementor-column-gap-default\">\n\t\t\t\t\t<div class=\"elementor-column elementor-col-100 elementor-top-column elementor-element elementor-element-d93ad1a\" data-id=\"d93ad1a\" data-element_type=\"column\">\n\t\t\t<div class=\"elementor-widget-wrap elementor-element-populated\">\n\t\t\t\t\t\t<div class=\"elementor-element elementor-element-81fcc52 elementor-widget elementor-widget-heading\" data-id=\"81fcc52\" data-element_type=\"widget\" data-widget_type=\"heading.default\">\n\t\t\t\t<div class=\"elementor-widget-container\">\n\t\t\t<h1 class=\"elementor-heading-title elementor-size-default\">Sommaraktiviteter<\/h1>\t\t<\/div>\n\t\t\t\t<\/div>\n\t\t\t\t\t<\/div>\n\t\t<\/div>\n\t\t\t\t\t<\/div>\n\t\t<\/section>\n\t\t\t\t<section class=\"elementor-section elementor-top-section elementor-element elementor-element-2f6283ec elementor-section-boxed elementor-section-height-default elementor-section-height-default\" data-id=\"2f6283ec\" data-element_type=\"section\">\n\t\t\t\t\t\t<div class=\"elementor-container elementor-column-gap-default\">\n\t\t\t\t\t<div class=\"elementor-column elementor-col-100 elementor-top-column elementor-element elementor-element-7283d896\" data-id=\"7283d896\" data-element_type=\"column\">\n\t\t\t<div class=\"elementor-widget-wrap elementor-element-populated\">\n\t\t\t\t\t\t<div class=\"elementor-element elementor-element-356c330 elementor-widget elementor-widget-text-editor\" data-id=\"356c330\" data-element_type=\"widget\" data-widget_type=\"text-editor.default\">\n\t\t\t\t<div class=\"elementor-widget-container\">\n\t\t\t\t\t\t\t<p>Spela golf p\u00e5 natursk\u00f6na Linn\u00e9 golfbana, njut av en b\u00e5ttur med flodb\u00e5ten Filippa, paddla kajak i sk\u00e4rg\u00e5rden med en erfaren guide eller vad s\u00e4gs om att utforska omr\u00e5det p\u00e5 en fatbike?<\/p>\n<p>N\u00e4r du bor p\u00e5 Ice and Light p\u00e5 sommaren finns det en m\u00e4ngd olika m\u00f6jligheter n\u00e4r det kommer till aktiviteter. Vi hj\u00e4lper dig att planera och anpassa din sommarupplevelse p\u00e5 Ice and Light Village.<\/p>\n<p><strong><a href=\"https:\/\/ice-and-light.com\/sv\/kontakta-oss\/\" data-wplink-url-error=\"true\">Kontakta oss f\u00f6r mer information.<\/a><\/strong><\/p>\n\t\t\t\t\t\t<\/div>\n\t\t\t\t<\/div>\n\t\t\t\t\t<\/div>\n\t\t<\/div>\n\t\t\t\t\t<\/div>\n\t\t<\/section>\n\t\t\t\t<\/div>\n\t\t","protected":false},"excerpt":{"rendered":"<p>Sommaraktiviteter Spela golf p\u00e5 natursk\u00f6na Linn\u00e9 golfbana, njut av en b\u00e5ttur med flodb\u00e5ten Filippa, paddla kajak i sk\u00e4rg\u00e5rden med en erfaren guide eller vad s\u00e4gs om att utforska omr\u00e5det p\u00e5 en fatbike? N\u00e4r du bor p\u00e5 Ice and Light p\u00e5 sommaren finns det en m\u00e4ngd olika m\u00f6jligheter n\u00e4r det kommer till aktiviteter. Vi hj\u00e4lper dig [&hellip;]<\/p>\n","protected":false},"author":3,"featured_media":0,"parent":0,"menu_order":0,"comment_status":"closed","ping_status":"closed","template":"","meta":{"footnotes":""},"class_list":["post-1404","page","type-page","status-publish","hentry"],"yoast_head":"<!-- This site is optimized with the Yoast SEO plugin v23.8 - https:\/\/yoast.com\/wordpress\/plugins\/seo\/ -->\n<title>Sommaraktiviteter - ICE &amp; LIGHT VILLAGE<\/title>\n<meta name=\"description\" content=\"Spela golf p\u00e5 natursk\u00f6na Linn\u00e9 golfbana, njut av en b\u00e5ttur med flodb\u00e5ten Filippa, paddla kajak i sk\u00e4rg\u00e5rden...\" \/>\n<meta name=\"robots\" content=\"index, follow, max-snippet:-1, max-image-preview:large, max-video-preview:-1\" \/>\n<link rel=\"canonical\" href=\"https:\/\/ice-and-light.com\/sv\/sommaraktiviteter\/\" \/>\n<meta property=\"og:locale\" content=\"sv_SE\" \/>\n<meta property=\"og:type\" content=\"article\" \/>\n<meta property=\"og:title\" content=\"Sommaraktiviteter - ICE &amp; LIGHT VILLAGE\" \/>\n<meta property=\"og:description\" content=\"Spela golf p\u00e5 natursk\u00f6na Linn\u00e9 golfbana, njut av en b\u00e5ttur med flodb\u00e5ten Filippa, paddla kajak i sk\u00e4rg\u00e5rden...\" \/>\n<meta property=\"og:url\" content=\"https:\/\/ice-and-light.com\/sv\/sommaraktiviteter\/\" \/>\n<meta property=\"og:site_name\" content=\"ICE &amp; LIGHT VILLAGE\" \/>\n<meta property=\"article:publisher\" content=\"https:\/\/www.facebook.com\/iceandlightvillage\/\" \/>\n<meta property=\"article:modified_time\" content=\"2022-12-04T16:32:19+00:00\" \/>\n<meta name=\"twitter:card\" content=\"summary_large_image\" \/>\n<script type=\"application\/ld+json\" class=\"yoast-schema-graph\">{\"@context\":\"https:\/\/schema.org\",\"@graph\":[{\"@type\":\"WebPage\",\"@id\":\"https:\/\/ice-and-light.com\/sv\/sommaraktiviteter\/\",\"url\":\"https:\/\/ice-and-light.com\/sv\/sommaraktiviteter\/\",\"name\":\"Sommaraktiviteter - ICE &amp; LIGHT VILLAGE\",\"isPartOf\":{\"@id\":\"https:\/\/ice-and-light.com\/sv\/#website\"},\"datePublished\":\"2022-12-02T21:52:41+00:00\",\"dateModified\":\"2022-12-04T16:32:19+00:00\",\"description\":\"Spela golf p\u00e5 natursk\u00f6na Linn\u00e9 golfbana, njut av en b\u00e5ttur med flodb\u00e5ten Filippa, paddla kajak i sk\u00e4rg\u00e5rden...\",\"breadcrumb\":{\"@id\":\"https:\/\/ice-and-light.com\/sv\/sommaraktiviteter\/#breadcrumb\"},\"inLanguage\":\"sv-SE\",\"potentialAction\":[{\"@type\":\"ReadAction\",\"target\":[\"https:\/\/ice-and-light.com\/sv\/sommaraktiviteter\/\"]}]},{\"@type\":\"BreadcrumbList\",\"@id\":\"https:\/\/ice-and-light.com\/sv\/sommaraktiviteter\/#breadcrumb\",\"itemListElement\":[{\"@type\":\"ListItem\",\"position\":1,\"name\":\"Home\",\"item\":\"https:\/\/ice-and-light.com\/sv\/\"},{\"@type\":\"ListItem\",\"position\":2,\"name\":\"Sommaraktiviteter\"}]},{\"@type\":\"WebSite\",\"@id\":\"https:\/\/ice-and-light.com\/sv\/#website\",\"url\":\"https:\/\/ice-and-light.com\/sv\/\",\"name\":\"ICE &amp; LIGHT VILLAGE\",\"description\":\"\",\"publisher\":{\"@id\":\"https:\/\/ice-and-light.com\/sv\/#organization\"},\"potentialAction\":[{\"@type\":\"SearchAction\",\"target\":{\"@type\":\"EntryPoint\",\"urlTemplate\":\"https:\/\/ice-and-light.com\/sv\/?s={search_term_string}\"},\"query-input\":{\"@type\":\"PropertyValueSpecification\",\"valueRequired\":true,\"valueName\":\"search_term_string\"}}],\"inLanguage\":\"sv-SE\"},{\"@type\":\"Organization\",\"@id\":\"https:\/\/ice-and-light.com\/sv\/#organization\",\"name\":\"ICE & LIGHT VILLAGE\",\"url\":\"https:\/\/ice-and-light.com\/sv\/\",\"logo\":{\"@type\":\"ImageObject\",\"inLanguage\":\"sv-SE\",\"@id\":\"https:\/\/ice-and-light.com\/sv\/#\/schema\/logo\/image\/\",\"url\":\"https:\/\/ice-and-light.com\/wp-content\/uploads\/2018\/10\/ice-and-light-mobile.png\",\"contentUrl\":\"https:\/\/ice-and-light.com\/wp-content\/uploads\/2018\/10\/ice-and-light-mobile.png\",\"width\":255,\"height\":94,\"caption\":\"ICE & LIGHT VILLAGE\"},\"image\":{\"@id\":\"https:\/\/ice-and-light.com\/sv\/#\/schema\/logo\/image\/\"},\"sameAs\":[\"https:\/\/www.facebook.com\/iceandlightvillage\/\",\"https:\/\/www.instagram.com\/iceandlightvillage\/\"]}]}<\/script>\n<!-- \/ Yoast SEO plugin. -->","yoast_head_json":{"title":"Sommaraktiviteter - ICE &amp; LIGHT VILLAGE","description":"Spela golf p\u00e5 natursk\u00f6na Linn\u00e9 golfbana, njut av en b\u00e5ttur med flodb\u00e5ten Filippa, paddla kajak i sk\u00e4rg\u00e5rden...","robots":{"index":"index","follow":"follow","max-snippet":"max-snippet:-1","max-image-preview":"max-image-preview:large","max-video-preview":"max-video-preview:-1"},"canonical":"https:\/\/ice-and-light.com\/sv\/sommaraktiviteter\/","og_locale":"sv_SE","og_type":"article","og_title":"Sommaraktiviteter - ICE &amp; LIGHT VILLAGE","og_description":"Spela golf p\u00e5 natursk\u00f6na Linn\u00e9 golfbana, njut av en b\u00e5ttur med flodb\u00e5ten Filippa, paddla kajak i sk\u00e4rg\u00e5rden...","og_url":"https:\/\/ice-and-light.com\/sv\/sommaraktiviteter\/","og_site_name":"ICE &amp; LIGHT VILLAGE","article_publisher":"https:\/\/www.facebook.com\/iceandlightvillage\/","article_modified_time":"2022-12-04T16:32:19+00:00","twitter_card":"summary_large_image","schema":{"@context":"https:\/\/schema.org","@graph":[{"@type":"WebPage","@id":"https:\/\/ice-and-light.com\/sv\/sommaraktiviteter\/","url":"https:\/\/ice-and-light.com\/sv\/sommaraktiviteter\/","name":"Sommaraktiviteter - ICE &amp; LIGHT VILLAGE","isPartOf":{"@id":"https:\/\/ice-and-light.com\/sv\/#website"},"datePublished":"2022-12-02T21:52:41+00:00","dateModified":"2022-12-04T16:32:19+00:00","description":"Spela golf p\u00e5 natursk\u00f6na Linn\u00e9 golfbana, njut av en b\u00e5ttur med flodb\u00e5ten Filippa, paddla kajak i sk\u00e4rg\u00e5rden...","breadcrumb":{"@id":"https:\/\/ice-and-light.com\/sv\/sommaraktiviteter\/#breadcrumb"},"inLanguage":"sv-SE","potentialAction":[{"@type":"ReadAction","target":["https:\/\/ice-and-light.com\/sv\/sommaraktiviteter\/"]}]},{"@type":"BreadcrumbList","@id":"https:\/\/ice-and-light.com\/sv\/sommaraktiviteter\/#breadcrumb","itemListElement":[{"@type":"ListItem","position":1,"name":"Home","item":"https:\/\/ice-and-light.com\/sv\/"},{"@type":"ListItem","position":2,"name":"Sommaraktiviteter"}]},{"@type":"WebSite","@id":"https:\/\/ice-and-light.com\/sv\/#website","url":"https:\/\/ice-and-light.com\/sv\/","name":"ICE &amp; LIGHT VILLAGE","description":"","publisher":{"@id":"https:\/\/ice-and-light.com\/sv\/#organization"},"potentialAction":[{"@type":"SearchAction","target":{"@type":"EntryPoint","urlTemplate":"https:\/\/ice-and-light.com\/sv\/?s={search_term_string}"},"query-input":{"@type":"PropertyValueSpecification","valueRequired":true,"valueName":"search_term_string"}}],"inLanguage":"sv-SE"},{"@type":"Organization","@id":"https:\/\/ice-and-light.com\/sv\/#organization","name":"ICE & LIGHT VILLAGE","url":"https:\/\/ice-and-light.com\/sv\/","logo":{"@type":"ImageObject","inLanguage":"sv-SE","@id":"https:\/\/ice-and-light.com\/sv\/#\/schema\/logo\/image\/","url":"https:\/\/ice-and-light.com\/wp-content\/uploads\/2018\/10\/ice-and-light-mobile.png","contentUrl":"https:\/\/ice-and-light.com\/wp-content\/uploads\/2018\/10\/ice-and-light-mobile.png","width":255,"height":94,"caption":"ICE & LIGHT VILLAGE"},"image":{"@id":"https:\/\/ice-and-light.com\/sv\/#\/schema\/logo\/image\/"},"sameAs":["https:\/\/www.facebook.com\/iceandlightvillage\/","https:\/\/www.instagram.com\/iceandlightvillage\/"]}]}},"_links":{"self":[{"href":"https:\/\/ice-and-light.com\/sv\/wp-json\/wp\/v2\/pages\/1404","targetHints":{"allow":["GET"]}}],"collection":[{"href":"https:\/\/ice-and-light.com\/sv\/wp-json\/wp\/v2\/pages"}],"about":[{"href":"https:\/\/ice-and-light.com\/sv\/wp-json\/wp\/v2\/types\/page"}],"author":[{"embeddable":true,"href":"https:\/\/ice-and-light.com\/sv\/wp-json\/wp\/v2\/users\/3"}],"replies":[{"embeddable":true,"href":"https:\/\/ice-and-light.com\/sv\/wp-json\/wp\/v2\/comments?post=1404"}],"version-history":[{"count":2,"href":"https:\/\/ice-and-light.com\/sv\/wp-json\/wp\/v2\/pages\/1404\/revisions"}],"predecessor-version":[{"id":1406,"href":"https:\/\/ice-and-light.com\/sv\/wp-json\/wp\/v2\/pages\/1404\/revisions\/1406"}],"wp:attachment":[{"href":"https:\/\/ice-and-light.com\/sv\/wp-json\/wp\/v2\/media?parent=1404"}],"curies":[{"name":"wp","href":"https:\/\/api.w.org\/{rel}","templated":true}]}}