{"id":1394,"date":"2022-12-02T21:52:02","date_gmt":"2022-12-02T21:52:02","guid":{"rendered":"https:\/\/ice-and-light.com\/for-speciella-tillfallen\/"},"modified":"2022-12-04T15:58:15","modified_gmt":"2022-12-04T15:58:15","slug":"for-speciella-tillfallen","status":"publish","type":"page","link":"https:\/\/ice-and-light.com\/sv\/for-speciella-tillfallen\/","title":{"rendered":"F\u00f6r Speciella tillf\u00e4llen"},"content":{"rendered":"\t\t<div data-elementor-type=\"wp-page\" data-elementor-id=\"1394\" class=\"elementor elementor-1394 elementor-1061\" data-elementor-post-type=\"page\">\n\t\t\t\t\t\t<section class=\"elementor-section elementor-top-section elementor-element elementor-element-3ba277ce elementor-section-height-min-height elementor-section-boxed elementor-section-height-default elementor-section-items-middle\" data-id=\"3ba277ce\" data-element_type=\"section\" data-settings=\"{&quot;background_background&quot;:&quot;slideshow&quot;,&quot;background_slideshow_gallery&quot;:[{&quot;id&quot;:1293,&quot;url&quot;:&quot;https:\\\/\\\/ice-and-light.com\\\/wp-content\\\/uploads\\\/2022\\\/12\\\/weddings-special-occasions-scaled.webp&quot;}],&quot;background_slideshow_transition_duration&quot;:1000,&quot;background_slideshow_ken_burns&quot;:&quot;yes&quot;,&quot;background_slideshow_loop&quot;:&quot;yes&quot;,&quot;background_slideshow_slide_duration&quot;:5000,&quot;background_slideshow_slide_transition&quot;:&quot;fade&quot;,&quot;background_slideshow_ken_burns_zoom_direction&quot;:&quot;in&quot;}\">\n\t\t\t\t\t\t\t<div class=\"elementor-background-overlay\"><\/div>\n\t\t\t\t\t\t\t<div class=\"elementor-container elementor-column-gap-default\">\n\t\t\t\t\t<div class=\"elementor-column elementor-col-100 elementor-top-column elementor-element elementor-element-2d31de70\" data-id=\"2d31de70\" data-element_type=\"column\">\n\t\t\t<div class=\"elementor-widget-wrap elementor-element-populated\">\n\t\t\t\t\t\t<div class=\"elementor-element elementor-element-591114f elementor-widget elementor-widget-heading\" data-id=\"591114f\" data-element_type=\"widget\" data-widget_type=\"heading.default\">\n\t\t\t\t<div class=\"elementor-widget-container\">\n\t\t\t<h1 class=\"elementor-heading-title elementor-size-default\">Speciella tillf\u00e4llen<\/h1>\t\t<\/div>\n\t\t\t\t<\/div>\n\t\t\t\t\t<\/div>\n\t\t<\/div>\n\t\t\t\t\t<\/div>\n\t\t<\/section>\n\t\t\t\t<section class=\"elementor-section elementor-top-section elementor-element elementor-element-7820169 elementor-section-boxed elementor-section-height-default elementor-section-height-default\" data-id=\"7820169\" data-element_type=\"section\">\n\t\t\t\t\t\t<div class=\"elementor-container elementor-column-gap-default\">\n\t\t\t\t\t<div class=\"elementor-column elementor-col-100 elementor-top-column elementor-element elementor-element-25013e4a\" data-id=\"25013e4a\" data-element_type=\"column\">\n\t\t\t<div class=\"elementor-widget-wrap elementor-element-populated\">\n\t\t\t\t\t\t<div class=\"elementor-element elementor-element-5464ba7 elementor-widget elementor-widget-text-editor\" data-id=\"5464ba7\" data-element_type=\"widget\" data-widget_type=\"text-editor.default\">\n\t\t\t\t<div class=\"elementor-widget-container\">\n\t\t\t\t\t\t\t<h3>Ice &amp; Light Village \u00e4r den perfekta platsen f\u00f6r de speciella tillf\u00e4llena. Br\u00f6llop, jubileum, f\u00f6delsedagskalas, m\u00f6hippa, svensexa eller n\u00e5got annat av det tillf\u00e4llen i livet som \u00e4r v\u00e4rt att fira lite extra?<\/h3>\n<p>Vi v\u00e4lkomnar s\u00e5v\u00e4l mindre s\u00e4llskap som st\u00f6rre grupper till Ice &amp; Light Village. Skr\u00e4ddarsydda aktiviteter adderar extra minnesv\u00e4rda upplevelser till firandet.<\/p>\n<p><a href=\"https:\/\/ice-and-light.com\/sv\/kontakta-oss\/\" data-wplink-url-error=\"true\">Kontakta oss g\u00e4rna f\u00f6r mer information och hj\u00e4lp med att planera er speciella dag.<\/a><\/p>\n\t\t\t\t\t\t<\/div>\n\t\t\t\t<\/div>\n\t\t\t\t\t<\/div>\n\t\t<\/div>\n\t\t\t\t\t<\/div>\n\t\t<\/section>\n\t\t\t\t<\/div>\n\t\t","protected":false},"excerpt":{"rendered":"<p>Speciella tillf\u00e4llen Ice &amp; Light Village \u00e4r den perfekta platsen f\u00f6r de speciella tillf\u00e4llena. Br\u00f6llop, jubileum, f\u00f6delsedagskalas, m\u00f6hippa, svensexa eller n\u00e5got annat av det tillf\u00e4llen i livet som \u00e4r v\u00e4rt att fira lite extra? Vi v\u00e4lkomnar s\u00e5v\u00e4l mindre s\u00e4llskap som st\u00f6rre grupper till Ice &amp; Light Village. Skr\u00e4ddarsydda aktiviteter adderar extra minnesv\u00e4rda upplevelser till firandet. [&hellip;]<\/p>\n","protected":false},"author":3,"featured_media":0,"parent":0,"menu_order":0,"comment_status":"closed","ping_status":"closed","template":"","meta":{"footnotes":""},"class_list":["post-1394","page","type-page","status-publish","hentry"],"yoast_head":"<!-- This site is optimized with the Yoast SEO plugin v23.8 - https:\/\/yoast.com\/wordpress\/plugins\/seo\/ -->\n<title>For Speciella Tillfallen - Ice &amp; Light Village<\/title>\n<meta name=\"description\" content=\"Ice &amp; Light Village \u00e4r den perfekta platsen f\u00f6r de speciella tillf\u00e4llena. Br\u00f6llop, jubileum, f\u00f6delsedagskalas, m\u00f6hippa, svensexa eller n\u00e5got annat av det tillf\u00e4llen i livet som \u00e4r v\u00e4rt att fira lite extra?\" \/>\n<meta name=\"robots\" content=\"index, follow, max-snippet:-1, max-image-preview:large, max-video-preview:-1\" \/>\n<link rel=\"canonical\" href=\"https:\/\/ice-and-light.com\/sv\/for-speciella-tillfallen\/\" \/>\n<meta property=\"og:locale\" content=\"sv_SE\" \/>\n<meta property=\"og:type\" content=\"article\" \/>\n<meta property=\"og:title\" content=\"For Speciella Tillfallen - Ice &amp; Light Village\" \/>\n<meta property=\"og:description\" content=\"Ice &amp; Light Village \u00e4r den perfekta platsen f\u00f6r de speciella tillf\u00e4llena. Br\u00f6llop, jubileum, f\u00f6delsedagskalas, m\u00f6hippa, svensexa eller n\u00e5got annat av det tillf\u00e4llen i livet som \u00e4r v\u00e4rt att fira lite extra?\" \/>\n<meta property=\"og:url\" content=\"https:\/\/ice-and-light.com\/sv\/for-speciella-tillfallen\/\" \/>\n<meta property=\"og:site_name\" content=\"ICE &amp; LIGHT VILLAGE\" \/>\n<meta property=\"article:publisher\" content=\"https:\/\/www.facebook.com\/iceandlightvillage\/\" \/>\n<meta property=\"article:modified_time\" content=\"2022-12-04T15:58:15+00:00\" \/>\n<meta name=\"twitter:card\" content=\"summary_large_image\" \/>\n<script type=\"application\/ld+json\" class=\"yoast-schema-graph\">{\"@context\":\"https:\/\/schema.org\",\"@graph\":[{\"@type\":\"WebPage\",\"@id\":\"https:\/\/ice-and-light.com\/sv\/for-speciella-tillfallen\/\",\"url\":\"https:\/\/ice-and-light.com\/sv\/for-speciella-tillfallen\/\",\"name\":\"For Speciella Tillfallen - Ice & Light Village\",\"isPartOf\":{\"@id\":\"https:\/\/ice-and-light.com\/sv\/#website\"},\"datePublished\":\"2022-12-02T21:52:02+00:00\",\"dateModified\":\"2022-12-04T15:58:15+00:00\",\"description\":\"Ice & Light Village \u00e4r den perfekta platsen f\u00f6r de speciella tillf\u00e4llena. Br\u00f6llop, jubileum, f\u00f6delsedagskalas, m\u00f6hippa, svensexa eller n\u00e5got annat av det tillf\u00e4llen i livet som \u00e4r v\u00e4rt att fira lite extra?\",\"breadcrumb\":{\"@id\":\"https:\/\/ice-and-light.com\/sv\/for-speciella-tillfallen\/#breadcrumb\"},\"inLanguage\":\"sv-SE\",\"potentialAction\":[{\"@type\":\"ReadAction\",\"target\":[\"https:\/\/ice-and-light.com\/sv\/for-speciella-tillfallen\/\"]}]},{\"@type\":\"BreadcrumbList\",\"@id\":\"https:\/\/ice-and-light.com\/sv\/for-speciella-tillfallen\/#breadcrumb\",\"itemListElement\":[{\"@type\":\"ListItem\",\"position\":1,\"name\":\"Home\",\"item\":\"https:\/\/ice-and-light.com\/sv\/\"},{\"@type\":\"ListItem\",\"position\":2,\"name\":\"F\u00f6r Speciella tillf\u00e4llen\"}]},{\"@type\":\"WebSite\",\"@id\":\"https:\/\/ice-and-light.com\/sv\/#website\",\"url\":\"https:\/\/ice-and-light.com\/sv\/\",\"name\":\"ICE &amp; LIGHT VILLAGE\",\"description\":\"\",\"publisher\":{\"@id\":\"https:\/\/ice-and-light.com\/sv\/#organization\"},\"potentialAction\":[{\"@type\":\"SearchAction\",\"target\":{\"@type\":\"EntryPoint\",\"urlTemplate\":\"https:\/\/ice-and-light.com\/sv\/?s={search_term_string}\"},\"query-input\":{\"@type\":\"PropertyValueSpecification\",\"valueRequired\":true,\"valueName\":\"search_term_string\"}}],\"inLanguage\":\"sv-SE\"},{\"@type\":\"Organization\",\"@id\":\"https:\/\/ice-and-light.com\/sv\/#organization\",\"name\":\"ICE & LIGHT VILLAGE\",\"url\":\"https:\/\/ice-and-light.com\/sv\/\",\"logo\":{\"@type\":\"ImageObject\",\"inLanguage\":\"sv-SE\",\"@id\":\"https:\/\/ice-and-light.com\/sv\/#\/schema\/logo\/image\/\",\"url\":\"https:\/\/ice-and-light.com\/wp-content\/uploads\/2018\/10\/ice-and-light-mobile.png\",\"contentUrl\":\"https:\/\/ice-and-light.com\/wp-content\/uploads\/2018\/10\/ice-and-light-mobile.png\",\"width\":255,\"height\":94,\"caption\":\"ICE & LIGHT VILLAGE\"},\"image\":{\"@id\":\"https:\/\/ice-and-light.com\/sv\/#\/schema\/logo\/image\/\"},\"sameAs\":[\"https:\/\/www.facebook.com\/iceandlightvillage\/\",\"https:\/\/www.instagram.com\/iceandlightvillage\/\"]}]}<\/script>\n<!-- \/ Yoast SEO plugin. -->","yoast_head_json":{"title":"For Speciella Tillfallen - Ice & Light Village","description":"Ice & Light Village \u00e4r den perfekta platsen f\u00f6r de speciella tillf\u00e4llena. Br\u00f6llop, jubileum, f\u00f6delsedagskalas, m\u00f6hippa, svensexa eller n\u00e5got annat av det tillf\u00e4llen i livet som \u00e4r v\u00e4rt att fira lite extra?","robots":{"index":"index","follow":"follow","max-snippet":"max-snippet:-1","max-image-preview":"max-image-preview:large","max-video-preview":"max-video-preview:-1"},"canonical":"https:\/\/ice-and-light.com\/sv\/for-speciella-tillfallen\/","og_locale":"sv_SE","og_type":"article","og_title":"For Speciella Tillfallen - Ice & Light Village","og_description":"Ice & Light Village \u00e4r den perfekta platsen f\u00f6r de speciella tillf\u00e4llena. Br\u00f6llop, jubileum, f\u00f6delsedagskalas, m\u00f6hippa, svensexa eller n\u00e5got annat av det tillf\u00e4llen i livet som \u00e4r v\u00e4rt att fira lite extra?","og_url":"https:\/\/ice-and-light.com\/sv\/for-speciella-tillfallen\/","og_site_name":"ICE &amp; LIGHT VILLAGE","article_publisher":"https:\/\/www.facebook.com\/iceandlightvillage\/","article_modified_time":"2022-12-04T15:58:15+00:00","twitter_card":"summary_large_image","schema":{"@context":"https:\/\/schema.org","@graph":[{"@type":"WebPage","@id":"https:\/\/ice-and-light.com\/sv\/for-speciella-tillfallen\/","url":"https:\/\/ice-and-light.com\/sv\/for-speciella-tillfallen\/","name":"For Speciella Tillfallen - Ice & Light Village","isPartOf":{"@id":"https:\/\/ice-and-light.com\/sv\/#website"},"datePublished":"2022-12-02T21:52:02+00:00","dateModified":"2022-12-04T15:58:15+00:00","description":"Ice & Light Village \u00e4r den perfekta platsen f\u00f6r de speciella tillf\u00e4llena. Br\u00f6llop, jubileum, f\u00f6delsedagskalas, m\u00f6hippa, svensexa eller n\u00e5got annat av det tillf\u00e4llen i livet som \u00e4r v\u00e4rt att fira lite extra?","breadcrumb":{"@id":"https:\/\/ice-and-light.com\/sv\/for-speciella-tillfallen\/#breadcrumb"},"inLanguage":"sv-SE","potentialAction":[{"@type":"ReadAction","target":["https:\/\/ice-and-light.com\/sv\/for-speciella-tillfallen\/"]}]},{"@type":"BreadcrumbList","@id":"https:\/\/ice-and-light.com\/sv\/for-speciella-tillfallen\/#breadcrumb","itemListElement":[{"@type":"ListItem","position":1,"name":"Home","item":"https:\/\/ice-and-light.com\/sv\/"},{"@type":"ListItem","position":2,"name":"F\u00f6r Speciella tillf\u00e4llen"}]},{"@type":"WebSite","@id":"https:\/\/ice-and-light.com\/sv\/#website","url":"https:\/\/ice-and-light.com\/sv\/","name":"ICE &amp; LIGHT VILLAGE","description":"","publisher":{"@id":"https:\/\/ice-and-light.com\/sv\/#organization"},"potentialAction":[{"@type":"SearchAction","target":{"@type":"EntryPoint","urlTemplate":"https:\/\/ice-and-light.com\/sv\/?s={search_term_string}"},"query-input":{"@type":"PropertyValueSpecification","valueRequired":true,"valueName":"search_term_string"}}],"inLanguage":"sv-SE"},{"@type":"Organization","@id":"https:\/\/ice-and-light.com\/sv\/#organization","name":"ICE & LIGHT VILLAGE","url":"https:\/\/ice-and-light.com\/sv\/","logo":{"@type":"ImageObject","inLanguage":"sv-SE","@id":"https:\/\/ice-and-light.com\/sv\/#\/schema\/logo\/image\/","url":"https:\/\/ice-and-light.com\/wp-content\/uploads\/2018\/10\/ice-and-light-mobile.png","contentUrl":"https:\/\/ice-and-light.com\/wp-content\/uploads\/2018\/10\/ice-and-light-mobile.png","width":255,"height":94,"caption":"ICE & LIGHT VILLAGE"},"image":{"@id":"https:\/\/ice-and-light.com\/sv\/#\/schema\/logo\/image\/"},"sameAs":["https:\/\/www.facebook.com\/iceandlightvillage\/","https:\/\/www.instagram.com\/iceandlightvillage\/"]}]}},"_links":{"self":[{"href":"https:\/\/ice-and-light.com\/sv\/wp-json\/wp\/v2\/pages\/1394","targetHints":{"allow":["GET"]}}],"collection":[{"href":"https:\/\/ice-and-light.com\/sv\/wp-json\/wp\/v2\/pages"}],"about":[{"href":"https:\/\/ice-and-light.com\/sv\/wp-json\/wp\/v2\/types\/page"}],"author":[{"embeddable":true,"href":"https:\/\/ice-and-light.com\/sv\/wp-json\/wp\/v2\/users\/3"}],"replies":[{"embeddable":true,"href":"https:\/\/ice-and-light.com\/sv\/wp-json\/wp\/v2\/comments?post=1394"}],"version-history":[{"count":1,"href":"https:\/\/ice-and-light.com\/sv\/wp-json\/wp\/v2\/pages\/1394\/revisions"}],"predecessor-version":[{"id":1395,"href":"https:\/\/ice-and-light.com\/sv\/wp-json\/wp\/v2\/pages\/1394\/revisions\/1395"}],"wp:attachment":[{"href":"https:\/\/ice-and-light.com\/sv\/wp-json\/wp\/v2\/media?parent=1394"}],"curies":[{"name":"wp","href":"https:\/\/api.w.org\/{rel}","templated":true}]}}